{"id":25205,"date":"2022-09-09T09:35:42","date_gmt":"2022-09-09T07:35:42","guid":{"rendered":"https:\/\/www.dtm-systems.de\/?product=album"},"modified":"2023-03-03T10:32:36","modified_gmt":"2023-03-03T09:32:36","slug":"album","status":"publish","type":"product","link":"https:\/\/www.dtm-systems.de\/?product=album","title":{"rendered":"drive.keeper &#8211; Festplattenschutz"},"content":{"rendered":"<div class=\"wpforms-container \" id=\"wpforms-25220\"><form id=\"wpforms-form-25220\" class=\"wpforms-validate wpforms-form wpforms-ajax-form\" data-formid=\"25220\" method=\"post\" enctype=\"multipart\/form-data\" action=\"\/index.php?rest_route=%2Fwp%2Fv2%2Fproduct%2F25205\" data-token=\"a6ae148c936b35e1cc49aa433062c286\" data-token-time=\"1778070695\"><div class=\"wpforms-head-container\"><div class=\"wpforms-title\">Lizenznehmer Software<\/div><\/div><noscript class=\"wpforms-error-noscript\">Bitte aktiviere JavaScript in deinem Browser, um dieses Formular fertigzustellen.<\/noscript><div class=\"wpforms-field-container\"><div id=\"wpforms-25220-field_1-container\" class=\"wpforms-field wpforms-field-text\" data-field-id=\"1\"><label class=\"wpforms-field-label\" for=\"wpforms-25220-field_1\">Lizenznehmer <span class=\"wpforms-required-label\">*<\/span><\/label><input type=\"text\" id=\"wpforms-25220-field_1\" class=\"wpforms-field-medium wpforms-field-required\" name=\"wpforms[fields][1]\" required><div class=\"wpforms-field-description\">Auf korrekte Schreibweise achten, da der Lizenznehmer zur Aktivierung der Software notwendig ist. Eine nachtr\u00e4gliche \u00c4nderung ist nicht m\u00f6glich.<\/div><\/div><\/div><!-- .wpforms-field-container --><div class=\"wpforms-submit-container\" ><input type=\"hidden\" name=\"wpforms[id]\" value=\"25220\"><input type=\"hidden\" name=\"page_title\" value=\"\"><input type=\"hidden\" name=\"page_url\" value=\"https:\/\/www.dtm-systems.de\/index.php?rest_route=\/wp\/v2\/product\/25205\"><input type=\"hidden\" name=\"url_referer\" value=\"\"><button type=\"submit\" name=\"wpforms[submit]\" id=\"wpforms-submit-25220\" class=\"wpforms-submit\" data-alt-text=\"Senden\u2026\" data-submit-text=\"Absenden\" aria-live=\"assertive\" value=\"wpforms-submit\">Absenden<\/button><img decoding=\"async\" src=\"https:\/\/www.dtm-systems.de\/wp-content\/plugins\/wpforms-lite\/assets\/images\/submit-spin.svg\" class=\"wpforms-submit-spinner\" style=\"display: none;\" width=\"26\" height=\"26\" alt=\"Wird geladen\"><\/div><\/form><\/div>  <!-- .wpforms-container -->\n","protected":false},"excerpt":{"rendered":"<p>Festplattenschutz<\/p>\n","protected":false},"featured_media":24963,"template":"","meta":{"site-sidebar-layout":"default","site-content-layout":"default","ast-site-content-layout":"default","site-content-style":"default","site-sidebar-style":"default","ast-global-header-display":"","ast-banner-title-visibility":"","ast-main-header-display":"","ast-hfb-above-header-display":"","ast-hfb-below-header-display":"","ast-hfb-mobile-header-display":"","site-post-title":"","ast-breadcrumbs-content":"","ast-featured-img":"","footer-sml-layout":"","ast-disable-related-posts":"","theme-transparent-header-meta":"default","adv-header-id-meta":"","stick-header-meta":"","header-above-stick-meta":"","header-main-stick-meta":"","header-below-stick-meta":"","astra-migrate-meta-layouts":"default","ast-page-background-enabled":"default","ast-page-background-meta":{"desktop":{"background-color":"","background-image":"","background-repeat":"repeat","background-position":"center center","background-size":"auto","background-attachment":"scroll","background-type":"","background-media":"","overlay-type":"","overlay-color":"","overlay-opacity":"","overlay-gradient":""},"tablet":{"background-color":"","background-image":"","background-repeat":"repeat","background-position":"center center","background-size":"auto","background-attachment":"scroll","background-type":"","background-media":"","overlay-type":"","overlay-color":"","overlay-opacity":"","overlay-gradient":""},"mobile":{"background-color":"","background-image":"","background-repeat":"repeat","background-position":"center center","background-size":"auto","background-attachment":"scroll","background-type":"","background-media":"","overlay-type":"","overlay-color":"","overlay-opacity":"","overlay-gradient":""}},"ast-content-background-meta":{"desktop":{"background-color":"var(--ast-global-color-5)","background-image":"","background-repeat":"repeat","background-position":"center center","background-size":"auto","background-attachment":"scroll","background-type":"","background-media":"","overlay-type":"","overlay-color":"","overlay-opacity":"","overlay-gradient":""},"tablet":{"background-color":"var(--ast-global-color-5)","background-image":"","background-repeat":"repeat","background-position":"center center","background-size":"auto","background-attachment":"scroll","background-type":"","background-media":"","overlay-type":"","overlay-color":"","overlay-opacity":"","overlay-gradient":""},"mobile":{"background-color":"var(--ast-global-color-5)","background-image":"","background-repeat":"repeat","background-position":"center center","background-size":"auto","background-attachment":"scroll","background-type":"","background-media":"","overlay-type":"","overlay-color":"","overlay-opacity":"","overlay-gradient":""}}},"product_brand":[],"product_cat":[34],"product_tag":[],"class_list":{"0":"post-25205","1":"product","2":"type-product","3":"status-publish","4":"has-post-thumbnail","6":"product_cat-software","7":"desktop-align-left","8":"tablet-align-left","9":"mobile-align-left","11":"first","12":"instock","13":"downloadable","14":"virtual","15":"taxable","16":"purchasable","17":"product-type-simple"},"_links":{"self":[{"href":"https:\/\/www.dtm-systems.de\/index.php?rest_route=\/wp\/v2\/product\/25205","targetHints":{"allow":["GET"]}}],"collection":[{"href":"https:\/\/www.dtm-systems.de\/index.php?rest_route=\/wp\/v2\/product"}],"about":[{"href":"https:\/\/www.dtm-systems.de\/index.php?rest_route=\/wp\/v2\/types\/product"}],"wp:featuredmedia":[{"embeddable":true,"href":"https:\/\/www.dtm-systems.de\/index.php?rest_route=\/wp\/v2\/media\/24963"}],"wp:attachment":[{"href":"https:\/\/www.dtm-systems.de\/index.php?rest_route=%2Fwp%2Fv2%2Fmedia&parent=25205"}],"wp:term":[{"taxonomy":"product_brand","embeddable":true,"href":"https:\/\/www.dtm-systems.de\/index.php?rest_route=%2Fwp%2Fv2%2Fproduct_brand&post=25205"},{"taxonomy":"product_cat","embeddable":true,"href":"https:\/\/www.dtm-systems.de\/index.php?rest_route=%2Fwp%2Fv2%2Fproduct_cat&post=25205"},{"taxonomy":"product_tag","embeddable":true,"href":"https:\/\/www.dtm-systems.de\/index.php?rest_route=%2Fwp%2Fv2%2Fproduct_tag&post=25205"}],"curies":[{"name":"wp","href":"https:\/\/api.w.org\/{rel}","templated":true}]}}